{"id":237,"date":"2026-02-08T18:16:44","date_gmt":"2026-02-08T17:16:44","guid":{"rendered":"https:\/\/les-deux-rives.com\/?page_id=237"},"modified":"2026-02-08T18:35:35","modified_gmt":"2026-02-08T17:35:35","slug":"legal-notices","status":"publish","type":"page","link":"https:\/\/les-deux-rives.com\/fr\/legal-notices\/","title":{"rendered":"Mentions l\u00e9gales"},"content":{"rendered":"<section class=\"bde-section-237-100 bde-section\">\n  \n  \n\t\n\n\n\n<div class=\"section-container\"><h1 class=\"bde-heading-237-101 bde-heading\">\nMentions l\u00e9gales\n<\/h1><div class=\"bde-button-237-103 bde-button\">\n    \n                                    \n    \n    \n    \n    \n            \n                    \n            \n            \n\n    \n    \n    \n    \n    \n    <a class=\"breakdance-link button-atom button-atom--primary bde-button__button\" href=\"https:\/\/les-deux-rives.com\/fr\/\" target=\"_self\" data-type=\"url\"  >\n\n    \n        <span class=\"button-atom__text\">Retour \u00e0 la page d'accueil<\/span>\n\n        \n        \n                <\/a>\n\n    \n\n\n<\/div><div class=\"oxy-rich-text-237-102 oxy-rich-text rich-text-2\">\n\n<p>En vigueur \u00e0 compter du 08\/02\/2026<\/p>\n\n<p>\u00a0<\/p>\n\n<p>Conform\u00e9ment aux dispositions des articles 6-III et 19 de la loi n\u00b0 2004-575 du 21 juin 2004 sur la confiance dans l'\u00e9conomie num\u00e9rique, dite L.C.E.N., les utilisateurs et visiteurs, ci-apr\u00e8s d\u00e9nomm\u00e9s \u00ab l'Utilisateur \u00bb, du site Internet www.les-deux-rives.com, ci-apr\u00e8s d\u00e9nomm\u00e9 \u00ab le Site \u00bb, sont inform\u00e9s des mentions l\u00e9gales suivantes.<\/p>\n\n<p>\u00a0<\/p>\n\n<p>En se connectant et en naviguant sur le Site, l'Utilisateur accepte pleinement et sans r\u00e9serve les pr\u00e9sentes mentions l\u00e9gales.<\/p>\n\n<p>\u00a0<\/p>\n\n<p>Ces avis sont disponibles sur le Site sous la rubrique \u00ab Mentions l\u00e9gales \u00bb.<\/p>\n\n<p>\u00a0<\/p>\n\n<h3 class=\"wp-block-heading\">ARTICLE 1 - L'\u00c9DITEUR<\/h3>\n\n<p>\u00a0<\/p>\n\n<p>Le site web est \u00e9dit\u00e9 par LES DEUX RIVES, soci\u00e9t\u00e9 au capital de 100 000,00 \u20ac, immatricul\u00e9e au Registre du commerce et des soci\u00e9t\u00e9s de Bordeaux sous le num\u00e9ro 902 235 753 R.C.S. Bordeaux, dont le si\u00e8ge social est situ\u00e9 au 108 COURS DU MEDOC, 33300 BORDEAUX,<\/p>\n\n<p>\u00a0<\/p>\n\n<p>Num\u00e9ro de t\u00e9l\u00e9phone : +33 (0)5 57 34 19 48,<\/p>\n\n<p>\u00a0<\/p>\n\n<p>Adresse email: Contact@les-deux-rives.com.<\/p>\n\n<p>\u00a0<\/p>\n\n<p>Num\u00e9ro de TVA intracommunautaire : FR65902235753<\/p>\n\n<p>\u00a0<\/p>\n\n<p>Le directeur de la publication est Lurton Simon.<\/p>\n\n<p>\u00a0<\/p>\n\n<p>ci-apr\u00e8s d\u00e9nomm\u00e9 \u00ab l'\u00e9diteur \u00bb.<\/p>\n\n<p>\u00a0<\/p>\n\n<h2 class=\"wp-block-heading\">ARTICLE 2 - PROPRI\u00c9T\u00c9 INTELLECTUELLE \/ CR\u00c9DITS IMAGES (CANVA)<\/h2>\n\n<p>\u00a0<\/p>\n\n<p>Tous les \u00e9l\u00e9ments du Site (y compris, mais sans s'y limiter, les textes, la structure, la mise en page, la charte graphique, les logos, les visuels, les photographies, les images, les illustrations, les ic\u00f4nes, les animations, les vid\u00e9os, les sons et tout autre contenu) sont prot\u00e9g\u00e9s par les lois applicables en mati\u00e8re de propri\u00e9t\u00e9 intellectuelle et sont, sauf indication contraire, la propri\u00e9t\u00e9 exclusive de l'\u00c9diteur ou sont utilis\u00e9s par l'\u00c9diteur sous licence.<\/p>\n\n<p>\u00a0<\/p>\n\n<p><strong>Sources des images :<\/strong> Certaines images, photographies, illustrations, ic\u00f4nes et \u00e9l\u00e9ments graphiques affich\u00e9s sur le site Web proviennent de <strong>Biblioth\u00e8que d'images Canva\u00ae<\/strong> (Canva Pty Ltd) et sont utilis\u00e9s conform\u00e9ment aux conditions de licence applicables de Canva. Ces \u00e9l\u00e9ments peuvent \u00eatre soumis \u00e0 des droits suppl\u00e9mentaires d\u00e9tenus par des tiers (par exemple, auteurs, photographes, illustrateurs, mod\u00e8les, agences ou marques commerciales).<\/p>\n\n<p>\u00a0<\/p>\n\n<p>Toute reproduction, repr\u00e9sentation, adaptation, modification, extraction, diffusion ou r\u00e9utilisation, totale ou partielle, du contenu et\/ou des visuels du Site, par quelque moyen que ce soit, sans l'autorisation \u00e9crite pr\u00e9alable de l'\u00c9diteur et\/ou des ayants droit concern\u00e9s, est strictement interdite et peut constituer une contrefa\u00e7on pouvant donner lieu \u00e0 des poursuites civiles et\/ou p\u00e9nales, conform\u00e9ment au Code de la propri\u00e9t\u00e9 intellectuelle.<\/p>\n\n<p>\u00a0<\/p>\n\n<h3 class=\"wp-block-heading\">ARTICLE 3 - L'H\u00d4TE<\/h3>\n\n<p>\u00a0<\/p>\n\n<p>Le Site est h\u00e9berg\u00e9 par O2SWITCH, dont le si\u00e8ge social est situ\u00e9 CHE DES PARDIAUX, 63000 CLERMONT-FERRAND, France, et dont le num\u00e9ro de t\u00e9l\u00e9phone est le +33 (0)4 44 44 60 40 + support@o2switch.fr.<\/p>\n\n<p>\u00a0<\/p>\n\n<h3 class=\"wp-block-heading\">ARTICLE 3 - ACC\u00c8S AU SITE<\/h3>\n\n<p>\u00a0<\/p>\n\n<p>Le Site est accessible partout, 24 heures sur 24, 7 jours sur 7, sauf en cas de force majeure, d'interruptions pr\u00e9vues ou impr\u00e9vues, ou de besoins de maintenance.<\/p>\n\n<p>\u00a0<\/p>\n\n<p>L'\u00e9diteur ne peut \u00eatre tenu responsable en cas de modification, d'interruption ou de suspension du site.<\/p>\n\n<p>\u00a0<\/p>\n\n<h3 id=\"headline-23-247\" class=\"wp-block-heading\">ARTICLE 4 - COLLECTE DE DONN\u00c9ES<\/h3>\n\n<p>\u00a0<\/p>\n\n<p>Le Site garantit que les informations personnelles de l'Utilisateur sont collect\u00e9es et trait\u00e9es conform\u00e9ment aux lois relatives \u00e0 la protection de la vie priv\u00e9e, en application de la loi n\u00b0 78-17 du 6 janvier 1978 relative \u00e0 l'informatique, aux fichiers et aux libert\u00e9s.<\/p>\n\n<p>\u00a0<\/p>\n\n<p>En vertu de la loi Informatique et Libert\u00e9s du 6 janvier 1978, l'Utilisateur dispose d'un droit d'acc\u00e8s, de rectification, de suppression et d'opposition \u00e0 l'utilisation de ses donn\u00e9es personnelles. L'Utilisateur peut exercer ce droit :<\/p>\n\n<p>\u00a0<\/p>\n\n<ul class=\"wp-block-list\">\n<li>par e-mail \u00e0 l'adresse Contact@les-deux-rives.com<\/li>\n \n<li>by mail to 108 Cours du M\u00e9doc, 33300 Bordeaux<\/li>\n \n<li>via un formulaire de contact ;<\/li>\n<\/ul>\n\n<p>\u00a0<\/p>\n\n<p>Toute utilisation, reproduction, distribution, commercialisation ou modification de tout ou partie du Site sans l'autorisation de l'\u00c9diteur est interdite et peut donner lieu \u00e0 des poursuites judiciaires et \u00e0 des sanctions p\u00e9nales, conform\u00e9ment aux dispositions du Code de la propri\u00e9t\u00e9 intellectuelle et du Code civil.<\/p>\n\n<\/div><\/div>\n<\/section>","protected":false},"excerpt":{"rendered":"<p>Legal notices Return to home Effective as of 08\/02\/2026 \u00a0 In accordance with the provisions of Articles 6-III and 19 of Law No. 2004-575 of June 21, 2004 on Confidence in the Digital Economy, known as L.C.E.N., users and visitors, hereinafter referred to as the &#8220;User,&#8221; of the website www.les-deux-rives.com, hereinafter referred to as the [&hellip;]<\/p>\n","protected":false},"author":1,"featured_media":0,"parent":0,"menu_order":0,"comment_status":"closed","ping_status":"closed","template":"","meta":{"_oxygen_hide_in_design_set":false,"_oxygen_tags":"","footnotes":""},"class_list":["post-237","page","type-page","status-publish","hentry"],"yoast_head":"<!-- This site is optimized with the Yoast SEO plugin v27.4 - https:\/\/yoast.com\/product\/yoast-seo-wordpress\/ -->\n<title>Legal notices - Les Deux Rives<\/title>\n<meta name=\"robots\" content=\"index, follow, max-snippet:-1, max-image-preview:large, max-video-preview:-1\" \/>\n<link rel=\"canonical\" href=\"https:\/\/les-deux-rives.com\/fr\/legal-notices\/\" \/>\n<meta property=\"og:locale\" content=\"fr_FR\" \/>\n<meta property=\"og:type\" content=\"article\" \/>\n<meta property=\"og:title\" content=\"Legal notices - Les Deux Rives\" \/>\n<meta property=\"og:description\" content=\"Legal notices Return to home Effective as of 08\/02\/2026 \u00a0 In accordance with the provisions of Articles 6-III and 19 of Law No. 2004-575 of June 21, 2004 on Confidence in the Digital Economy, known as L.C.E.N., users and visitors, hereinafter referred to as the &quot;User,&quot; of the website www.les-deux-rives.com, hereinafter referred to as the [&hellip;]\" \/>\n<meta property=\"og:url\" content=\"https:\/\/les-deux-rives.com\/fr\/legal-notices\/\" \/>\n<meta property=\"og:site_name\" content=\"Les Deux Rives\" \/>\n<meta property=\"article:modified_time\" content=\"2026-02-08T17:35:35+00:00\" \/>\n<meta name=\"twitter:card\" content=\"summary_large_image\" \/>\n<meta name=\"twitter:label1\" content=\"Dur\u00e9e de lecture estim\u00e9e\" \/>\n\t<meta name=\"twitter:data1\" content=\"3 minutes\" \/>\n<script type=\"application\/ld+json\" class=\"yoast-schema-graph\">{\"@context\":\"https:\\\/\\\/schema.org\",\"@graph\":[{\"@type\":\"WebPage\",\"@id\":\"https:\\\/\\\/les-deux-rives.com\\\/legal-notices\\\/\",\"url\":\"https:\\\/\\\/les-deux-rives.com\\\/legal-notices\\\/\",\"name\":\"Legal notices - Les Deux Rives\",\"isPartOf\":{\"@id\":\"https:\\\/\\\/les-deux-rives.com\\\/#website\"},\"datePublished\":\"2026-02-08T17:16:44+00:00\",\"dateModified\":\"2026-02-08T17:35:35+00:00\",\"breadcrumb\":{\"@id\":\"https:\\\/\\\/les-deux-rives.com\\\/legal-notices\\\/#breadcrumb\"},\"inLanguage\":\"fr-FR\",\"potentialAction\":[{\"@type\":\"ReadAction\",\"target\":[\"https:\\\/\\\/les-deux-rives.com\\\/legal-notices\\\/\"]}]},{\"@type\":\"BreadcrumbList\",\"@id\":\"https:\\\/\\\/les-deux-rives.com\\\/legal-notices\\\/#breadcrumb\",\"itemListElement\":[{\"@type\":\"ListItem\",\"position\":1,\"name\":\"Home\",\"item\":\"https:\\\/\\\/les-deux-rives.com\\\/\"},{\"@type\":\"ListItem\",\"position\":2,\"name\":\"Legal notices\"}]},{\"@type\":\"WebSite\",\"@id\":\"https:\\\/\\\/les-deux-rives.com\\\/#website\",\"url\":\"https:\\\/\\\/les-deux-rives.com\\\/\",\"name\":\"Les Deux Rives\",\"description\":\"\",\"potentialAction\":[{\"@type\":\"SearchAction\",\"target\":{\"@type\":\"EntryPoint\",\"urlTemplate\":\"https:\\\/\\\/les-deux-rives.com\\\/?s={search_term_string}\"},\"query-input\":{\"@type\":\"PropertyValueSpecification\",\"valueRequired\":true,\"valueName\":\"search_term_string\"}}],\"inLanguage\":\"fr-FR\"}]}<\/script>\n<!-- \/ Yoast SEO plugin. -->","yoast_head_json":{"title":"Legal notices - Les Deux Rives","robots":{"index":"index","follow":"follow","max-snippet":"max-snippet:-1","max-image-preview":"max-image-preview:large","max-video-preview":"max-video-preview:-1"},"canonical":"https:\/\/les-deux-rives.com\/fr\/legal-notices\/","og_locale":"fr_FR","og_type":"article","og_title":"Legal notices - Les Deux Rives","og_description":"Legal notices Return to home Effective as of 08\/02\/2026 \u00a0 In accordance with the provisions of Articles 6-III and 19 of Law No. 2004-575 of June 21, 2004 on Confidence in the Digital Economy, known as L.C.E.N., users and visitors, hereinafter referred to as the \"User,\" of the website www.les-deux-rives.com, hereinafter referred to as the [&hellip;]","og_url":"https:\/\/les-deux-rives.com\/fr\/legal-notices\/","og_site_name":"Les Deux Rives","article_modified_time":"2026-02-08T17:35:35+00:00","twitter_card":"summary_large_image","twitter_misc":{"Dur\u00e9e de lecture estim\u00e9e":"3 minutes"},"schema":{"@context":"https:\/\/schema.org","@graph":[{"@type":"WebPage","@id":"https:\/\/les-deux-rives.com\/legal-notices\/","url":"https:\/\/les-deux-rives.com\/legal-notices\/","name":"Legal notices - Les Deux Rives","isPartOf":{"@id":"https:\/\/les-deux-rives.com\/#website"},"datePublished":"2026-02-08T17:16:44+00:00","dateModified":"2026-02-08T17:35:35+00:00","breadcrumb":{"@id":"https:\/\/les-deux-rives.com\/legal-notices\/#breadcrumb"},"inLanguage":"fr-FR","potentialAction":[{"@type":"ReadAction","target":["https:\/\/les-deux-rives.com\/legal-notices\/"]}]},{"@type":"BreadcrumbList","@id":"https:\/\/les-deux-rives.com\/legal-notices\/#breadcrumb","itemListElement":[{"@type":"ListItem","position":1,"name":"Home","item":"https:\/\/les-deux-rives.com\/"},{"@type":"ListItem","position":2,"name":"Legal notices"}]},{"@type":"WebSite","@id":"https:\/\/les-deux-rives.com\/#website","url":"https:\/\/les-deux-rives.com\/","name":"Les Deux Rives","description":"","potentialAction":[{"@type":"SearchAction","target":{"@type":"EntryPoint","urlTemplate":"https:\/\/les-deux-rives.com\/?s={search_term_string}"},"query-input":{"@type":"PropertyValueSpecification","valueRequired":true,"valueName":"search_term_string"}}],"inLanguage":"fr-FR"}]}},"_links":{"self":[{"href":"https:\/\/les-deux-rives.com\/fr\/wp-json\/wp\/v2\/pages\/237","targetHints":{"allow":["GET"]}}],"collection":[{"href":"https:\/\/les-deux-rives.com\/fr\/wp-json\/wp\/v2\/pages"}],"about":[{"href":"https:\/\/les-deux-rives.com\/fr\/wp-json\/wp\/v2\/types\/page"}],"author":[{"embeddable":true,"href":"https:\/\/les-deux-rives.com\/fr\/wp-json\/wp\/v2\/users\/1"}],"replies":[{"embeddable":true,"href":"https:\/\/les-deux-rives.com\/fr\/wp-json\/wp\/v2\/comments?post=237"}],"version-history":[{"count":19,"href":"https:\/\/les-deux-rives.com\/fr\/wp-json\/wp\/v2\/pages\/237\/revisions"}],"predecessor-version":[{"id":260,"href":"https:\/\/les-deux-rives.com\/fr\/wp-json\/wp\/v2\/pages\/237\/revisions\/260"}],"wp:attachment":[{"href":"https:\/\/les-deux-rives.com\/fr\/wp-json\/wp\/v2\/media?parent=237"}],"curies":[{"name":"wp","href":"https:\/\/api.w.org\/{rel}","templated":true}]}}